{"id":148,"date":"2018-01-26T15:12:23","date_gmt":"2018-01-26T14:12:23","guid":{"rendered":"http:\/\/zimmerei-wentzel.de\/?page_id=148"},"modified":"2018-02-10T18:47:54","modified_gmt":"2018-02-10T17:47:54","slug":"referenzen","status":"publish","type":"page","link":"https:\/\/zimmerei-wentzel.de\/?page_id=148","title":{"rendered":"Referenzen"},"content":{"rendered":"\t<div class=\"ngg-albumoverview\">\n\t\t\t\t\t<div class=\"ngg-album\">\n\t\t\t\t<div class=\"ngg-albumtitle\">\n\t\t\t\t\t<a class='gallery_link' href='https:\/\/zimmerei-wentzel.de\/index.php\/nggallery\/referenzen\/Holzfassaden?page_id=148'>\n\t\t\t\t\t\tHolzfassaden\t\t\t\t\t<\/a>\n\t\t\t\t<\/div>\n\t\t\t\t<div class=\"ngg-albumcontent\">\n\t\t\t\t\t\t\t\t\t\t\t<div class=\"ngg-thumbnail\">\n\t\t\t\t\t\t\t<a class='gallery_link' href='https:\/\/zimmerei-wentzel.de\/index.php\/nggallery\/referenzen\/Holzfassaden?page_id=148'>\n\t\t\t\t\t\t\t\t<img class=\"Thumb\"\n\t\t\t\t\t\t\t\t\talt=\"Holzfassaden\"\n\t\t\t\t\t\t\t\t\tsrc=\"https:\/\/zimmerei-wentzel.de\/www\/wp-content\/gallery\/holzfassaden\/cache\/21273366_1535954193150676_7170818616287332025_o.jpg-nggid011-ngg0dyn-381x287x100-00f0w010c011r110f110r010t010.jpg\"\/>\n\t\t\t\t\t\t\t<\/a>\n\t\t\t\t\t\t<\/div>\n\t\t\t\t\t\t\t\t\t\t<div class=\"ngg-description\">\n\t\t\t\t\t\t<p>\n\t\t\t\t\t\t\tDie Holzfassade geh\u00f6rt zu den \u00e4ltesten Fassadenverkleidungen die es gibt. Sie besteht seit jeher aus einem Profiliertenbrett und einer Unterkonstruktion.\r\nDurch die neuen Anforderungen im W\u00e4rmeschutz ist in den letzten Jahren noch eine zus\u00e4tzliche Lage, die der W\u00e4rmed\u00e4mmung, dazugekommen. Von klassisch bis modern gibt es im Bereich Holzassaden viele dauerhafte M\u00f6glichkeiten. \t\t\t\t\t\t<\/p>\n\t\t\t\t\t\t\t\t\t\t\t\t\t<p class=\"ngg-album-gallery-image-counter\"><strong>7<\/strong>&nbsp;Fotos<\/p>\n\t\t\t\t\t\t\t\t\t\t\t<\/div>\n\t\t\t\t<\/div>\n\t\t\t<\/div>\n\t\t\t\t\t<div class=\"ngg-album\">\n\t\t\t\t<div class=\"ngg-albumtitle\">\n\t\t\t\t\t<a class='gallery_link' href='https:\/\/zimmerei-wentzel.de\/index.php\/nggallery\/referenzen\/Dachstuhlsanierung?page_id=148'>\n\t\t\t\t\t\tSanierung\t\t\t\t\t<\/a>\n\t\t\t\t<\/div>\n\t\t\t\t<div class=\"ngg-albumcontent\">\n\t\t\t\t\t\t\t\t\t\t\t<div class=\"ngg-thumbnail\">\n\t\t\t\t\t\t\t<a class='gallery_link' href='https:\/\/zimmerei-wentzel.de\/index.php\/nggallery\/referenzen\/Dachstuhlsanierung?page_id=148'>\n\t\t\t\t\t\t\t\t<img class=\"Thumb\"\n\t\t\t\t\t\t\t\t\talt=\"Sanierung\"\n\t\t\t\t\t\t\t\t\tsrc=\"https:\/\/zimmerei-wentzel.de\/www\/wp-content\/gallery\/dachstuhlsanierung\/cache\/21246254_1534998379912924_1775528102499693658_o.jpg-nggid012-ngg0dyn-381x287x100-00f0w010c011r110f110r010t010.jpg\"\/>\n\t\t\t\t\t\t\t<\/a>\n\t\t\t\t\t\t<\/div>\n\t\t\t\t\t\t\t\t\t\t<div class=\"ngg-description\">\n\t\t\t\t\t\t<p>\n\t\t\t\t\t\t\tDas machen wir: Reparieren von Sparren und vor allem Sparrenfu\u00dfpunkten, Ert\u00fcchtigen von Pfetten, zum Beispiel dann, wenn zus\u00e4tzliche Lasten (D\u00e4mmmaterial) ins Spiel kommen, Dachst\u00fchle aufschlagen und Erneuern von Windverb\u00e4nden\r\n\t\t\t\t\t\t<\/p>\n\t\t\t\t\t\t\t\t\t\t\t\t\t<p class=\"ngg-album-gallery-image-counter\"><strong>41<\/strong>&nbsp;Fotos<\/p>\n\t\t\t\t\t\t\t\t\t\t\t<\/div>\n\t\t\t\t<\/div>\n\t\t\t<\/div>\n\t\t\t\t\t<div class=\"ngg-album\">\n\t\t\t\t<div class=\"ngg-albumtitle\">\n\t\t\t\t\t<a class='gallery_link' href='https:\/\/zimmerei-wentzel.de\/index.php\/nggallery\/referenzen\/sonstiges?page_id=148'>\n\t\t\t\t\t\tSonstiges\t\t\t\t\t<\/a>\n\t\t\t\t<\/div>\n\t\t\t\t<div class=\"ngg-albumcontent\">\n\t\t\t\t\t\t\t\t\t\t\t<div class=\"ngg-thumbnail\">\n\t\t\t\t\t\t\t<a class='gallery_link' href='https:\/\/zimmerei-wentzel.de\/index.php\/nggallery\/referenzen\/sonstiges?page_id=148'>\n\t\t\t\t\t\t\t\t<img class=\"Thumb\"\n\t\t\t\t\t\t\t\t\talt=\"Sonstiges\"\n\t\t\t\t\t\t\t\t\tsrc=\"https:\/\/zimmerei-wentzel.de\/www\/wp-content\/gallery\/sonstiges\/cache\/19260355_1668334196579341_6082857211988465468_n.jpg-nggid0243-ngg0dyn-381x287x100-00f0w010c011r110f110r010t010.jpg\"\/>\n\t\t\t\t\t\t\t<\/a>\n\t\t\t\t\t\t<\/div>\n\t\t\t\t\t\t\t\t\t\t<div class=\"ngg-description\">\n\t\t\t\t\t\t<p>\n\t\t\t\t\t\t\t\t\t\t\t\t\t<\/p>\n\t\t\t\t\t\t\t\t\t\t\t\t\t<p class=\"ngg-album-gallery-image-counter\"><strong>24<\/strong>&nbsp;Fotos<\/p>\n\t\t\t\t\t\t\t\t\t\t\t<\/div>\n\t\t\t\t<\/div>\n\t\t\t<\/div>\n\t\t\t\t\t<div class=\"ngg-album\">\n\t\t\t\t<div class=\"ngg-albumtitle\">\n\t\t\t\t\t<a class='gallery_link' href='https:\/\/zimmerei-wentzel.de\/index.php\/nggallery\/referenzen\/terrassen?page_id=148'>\n\t\t\t\t\t\tTerrassen\t\t\t\t\t<\/a>\n\t\t\t\t<\/div>\n\t\t\t\t<div class=\"ngg-albumcontent\">\n\t\t\t\t\t\t\t\t\t\t\t<div class=\"ngg-thumbnail\">\n\t\t\t\t\t\t\t<a class='gallery_link' href='https:\/\/zimmerei-wentzel.de\/index.php\/nggallery\/referenzen\/terrassen?page_id=148'>\n\t\t\t\t\t\t\t\t<img class=\"Thumb\"\n\t\t\t\t\t\t\t\t\talt=\"Terrassen\"\n\t\t\t\t\t\t\t\t\tsrc=\"https:\/\/zimmerei-wentzel.de\/www\/wp-content\/gallery\/terrassen\/cache\/21192196_1534028180009944_1591133912753937523_n.jpg-nggid0273-ngg0dyn-381x287x100-00f0w010c011r110f110r010t010.jpg\"\/>\n\t\t\t\t\t\t\t<\/a>\n\t\t\t\t\t\t<\/div>\n\t\t\t\t\t\t\t\t\t\t<div class=\"ngg-description\">\n\t\t\t\t\t\t<p>\n\t\t\t\t\t\t\t\t\t\t\t\t\t<\/p>\n\t\t\t\t\t\t\t\t\t\t\t\t\t<p class=\"ngg-album-gallery-image-counter\"><strong>10<\/strong>&nbsp;Fotos<\/p>\n\t\t\t\t\t\t\t\t\t\t\t<\/div>\n\t\t\t\t<\/div>\n\t\t\t<\/div>\n\t\t\t\t<div class='ngg-clear'><\/div>\t<\/div>\n\n","protected":false},"excerpt":{"rendered":"","protected":false},"author":1,"featured_media":0,"parent":0,"menu_order":0,"comment_status":"closed","ping_status":"closed","template":"","meta":{"ngg_post_thumbnail":0,"footnotes":""},"yoast_head":"<!-- This site is optimized with the Yoast SEO plugin v22.3 - https:\/\/yoast.com\/wordpress\/plugins\/seo\/ -->\n<title>Referenzen - Zimmerei Wentzel<\/title>\n<meta name=\"robots\" content=\"index, follow, max-snippet:-1, max-image-preview:large, max-video-preview:-1\" \/>\n<link rel=\"canonical\" href=\"https:\/\/zimmerei-wentzel.de\/?page_id=148\" \/>\n<meta property=\"og:locale\" content=\"de_DE\" \/>\n<meta property=\"og:type\" content=\"article\" \/>\n<meta property=\"og:title\" content=\"Referenzen - Zimmerei Wentzel\" \/>\n<meta property=\"og:url\" content=\"https:\/\/zimmerei-wentzel.de\/?page_id=148\" \/>\n<meta property=\"og:site_name\" content=\"Zimmerei Wentzel\" \/>\n<meta property=\"article:publisher\" content=\"https:\/\/www.facebook.com\/zimmereiwentzel\" \/>\n<meta property=\"article:modified_time\" content=\"2018-02-10T17:47:54+00:00\" \/>\n<meta name=\"twitter:card\" content=\"summary_large_image\" \/>\n<script type=\"application\/ld+json\" class=\"yoast-schema-graph\">{\"@context\":\"https:\/\/schema.org\",\"@graph\":[{\"@type\":\"WebPage\",\"@id\":\"https:\/\/zimmerei-wentzel.de\/?page_id=148\",\"url\":\"https:\/\/zimmerei-wentzel.de\/?page_id=148\",\"name\":\"Referenzen - Zimmerei Wentzel\",\"isPartOf\":{\"@id\":\"https:\/\/zimmerei-wentzel.de\/#website\"},\"datePublished\":\"2018-01-26T14:12:23+00:00\",\"dateModified\":\"2018-02-10T17:47:54+00:00\",\"breadcrumb\":{\"@id\":\"https:\/\/zimmerei-wentzel.de\/?page_id=148#breadcrumb\"},\"inLanguage\":\"de\",\"potentialAction\":[{\"@type\":\"ReadAction\",\"target\":[\"https:\/\/zimmerei-wentzel.de\/?page_id=148\"]}]},{\"@type\":\"BreadcrumbList\",\"@id\":\"https:\/\/zimmerei-wentzel.de\/?page_id=148#breadcrumb\",\"itemListElement\":[{\"@type\":\"ListItem\",\"position\":1,\"name\":\"Startseite\",\"item\":\"https:\/\/zimmerei-wentzel.de\/\"},{\"@type\":\"ListItem\",\"position\":2,\"name\":\"Referenzen\"}]},{\"@type\":\"WebSite\",\"@id\":\"https:\/\/zimmerei-wentzel.de\/#website\",\"url\":\"https:\/\/zimmerei-wentzel.de\/\",\"name\":\"Zimmerei Wentzel\",\"description\":\"Eine weitere WordPress-Website\",\"publisher\":{\"@id\":\"https:\/\/zimmerei-wentzel.de\/#organization\"},\"potentialAction\":[{\"@type\":\"SearchAction\",\"target\":{\"@type\":\"EntryPoint\",\"urlTemplate\":\"https:\/\/zimmerei-wentzel.de\/?s={search_term_string}\"},\"query-input\":\"required name=search_term_string\"}],\"inLanguage\":\"de\"},{\"@type\":\"Organization\",\"@id\":\"https:\/\/zimmerei-wentzel.de\/#organization\",\"name\":\"Zimmerei Wentzel\",\"url\":\"https:\/\/zimmerei-wentzel.de\/\",\"logo\":{\"@type\":\"ImageObject\",\"inLanguage\":\"de\",\"@id\":\"https:\/\/zimmerei-wentzel.de\/#\/schema\/logo\/image\/\",\"url\":\"https:\/\/zimmerei-wentzel.de\/www\/wp-content\/uploads\/2024\/03\/logo-zimmerei-wentzel.gif\",\"contentUrl\":\"https:\/\/zimmerei-wentzel.de\/www\/wp-content\/uploads\/2024\/03\/logo-zimmerei-wentzel.gif\",\"width\":356,\"height\":238,\"caption\":\"Zimmerei Wentzel\"},\"image\":{\"@id\":\"https:\/\/zimmerei-wentzel.de\/#\/schema\/logo\/image\/\"},\"sameAs\":[\"https:\/\/www.facebook.com\/zimmereiwentzel\"]}]}<\/script>\n<!-- \/ Yoast SEO plugin. -->","yoast_head_json":{"title":"Referenzen - Zimmerei Wentzel","robots":{"index":"index","follow":"follow","max-snippet":"max-snippet:-1","max-image-preview":"max-image-preview:large","max-video-preview":"max-video-preview:-1"},"canonical":"https:\/\/zimmerei-wentzel.de\/?page_id=148","og_locale":"de_DE","og_type":"article","og_title":"Referenzen - Zimmerei Wentzel","og_url":"https:\/\/zimmerei-wentzel.de\/?page_id=148","og_site_name":"Zimmerei Wentzel","article_publisher":"https:\/\/www.facebook.com\/zimmereiwentzel","article_modified_time":"2018-02-10T17:47:54+00:00","twitter_card":"summary_large_image","schema":{"@context":"https:\/\/schema.org","@graph":[{"@type":"WebPage","@id":"https:\/\/zimmerei-wentzel.de\/?page_id=148","url":"https:\/\/zimmerei-wentzel.de\/?page_id=148","name":"Referenzen - Zimmerei Wentzel","isPartOf":{"@id":"https:\/\/zimmerei-wentzel.de\/#website"},"datePublished":"2018-01-26T14:12:23+00:00","dateModified":"2018-02-10T17:47:54+00:00","breadcrumb":{"@id":"https:\/\/zimmerei-wentzel.de\/?page_id=148#breadcrumb"},"inLanguage":"de","potentialAction":[{"@type":"ReadAction","target":["https:\/\/zimmerei-wentzel.de\/?page_id=148"]}]},{"@type":"BreadcrumbList","@id":"https:\/\/zimmerei-wentzel.de\/?page_id=148#breadcrumb","itemListElement":[{"@type":"ListItem","position":1,"name":"Startseite","item":"https:\/\/zimmerei-wentzel.de\/"},{"@type":"ListItem","position":2,"name":"Referenzen"}]},{"@type":"WebSite","@id":"https:\/\/zimmerei-wentzel.de\/#website","url":"https:\/\/zimmerei-wentzel.de\/","name":"Zimmerei Wentzel","description":"Eine weitere WordPress-Website","publisher":{"@id":"https:\/\/zimmerei-wentzel.de\/#organization"},"potentialAction":[{"@type":"SearchAction","target":{"@type":"EntryPoint","urlTemplate":"https:\/\/zimmerei-wentzel.de\/?s={search_term_string}"},"query-input":"required name=search_term_string"}],"inLanguage":"de"},{"@type":"Organization","@id":"https:\/\/zimmerei-wentzel.de\/#organization","name":"Zimmerei Wentzel","url":"https:\/\/zimmerei-wentzel.de\/","logo":{"@type":"ImageObject","inLanguage":"de","@id":"https:\/\/zimmerei-wentzel.de\/#\/schema\/logo\/image\/","url":"https:\/\/zimmerei-wentzel.de\/www\/wp-content\/uploads\/2024\/03\/logo-zimmerei-wentzel.gif","contentUrl":"https:\/\/zimmerei-wentzel.de\/www\/wp-content\/uploads\/2024\/03\/logo-zimmerei-wentzel.gif","width":356,"height":238,"caption":"Zimmerei Wentzel"},"image":{"@id":"https:\/\/zimmerei-wentzel.de\/#\/schema\/logo\/image\/"},"sameAs":["https:\/\/www.facebook.com\/zimmereiwentzel"]}]}},"_links":{"self":[{"href":"https:\/\/zimmerei-wentzel.de\/index.php?rest_route=\/wp\/v2\/pages\/148"}],"collection":[{"href":"https:\/\/zimmerei-wentzel.de\/index.php?rest_route=\/wp\/v2\/pages"}],"about":[{"href":"https:\/\/zimmerei-wentzel.de\/index.php?rest_route=\/wp\/v2\/types\/page"}],"author":[{"embeddable":true,"href":"https:\/\/zimmerei-wentzel.de\/index.php?rest_route=\/wp\/v2\/users\/1"}],"replies":[{"embeddable":true,"href":"https:\/\/zimmerei-wentzel.de\/index.php?rest_route=%2Fwp%2Fv2%2Fcomments&post=148"}],"version-history":[{"count":29,"href":"https:\/\/zimmerei-wentzel.de\/index.php?rest_route=\/wp\/v2\/pages\/148\/revisions"}],"predecessor-version":[{"id":334,"href":"https:\/\/zimmerei-wentzel.de\/index.php?rest_route=\/wp\/v2\/pages\/148\/revisions\/334"}],"wp:attachment":[{"href":"https:\/\/zimmerei-wentzel.de\/index.php?rest_route=%2Fwp%2Fv2%2Fmedia&parent=148"}],"curies":[{"name":"wp","href":"https:\/\/api.w.org\/{rel}","templated":true}]}}