{"id":153,"date":"2018-01-26T15:25:35","date_gmt":"2018-01-26T14:25:35","guid":{"rendered":"http:\/\/zimmerei-wentzel.de\/?page_id=153"},"modified":"2018-02-10T18:39:07","modified_gmt":"2018-02-10T17:39:07","slug":"leistungen","status":"publish","type":"page","link":"https:\/\/zimmerei-wentzel.de\/?page_id=153","title":{"rendered":"Leistungen"},"content":{"rendered":"<ul>\n<li>Dachstuhl Neubau<\/li>\n<li>Dachstuhl Sanierung<\/li>\n<li>Holzfassaden<\/li>\n<li>Terrassen<\/li>\n<li>Innenausbau<\/li>\n<li>\u00d6kologische W\u00e4rmed\u00e4mmungen<\/li>\n<li>Carports<\/li>\n<li>Dachfl\u00e4chenfenster<\/li>\n<li>Dachgauben<\/li>\n<\/ul>\n","protected":false},"excerpt":{"rendered":"<p>Dachstuhl Neubau Dachstuhl Sanierung Holzfassaden Terrassen Innenausbau \u00d6kologische W\u00e4rmed\u00e4mmungen Carports Dachfl\u00e4chenfenster Dachgauben<\/p>\n","protected":false},"author":1,"featured_media":0,"parent":0,"menu_order":0,"comment_status":"closed","ping_status":"closed","template":"","meta":{"ngg_post_thumbnail":0,"footnotes":""},"yoast_head":"<!-- This site is optimized with the Yoast SEO plugin v22.3 - https:\/\/yoast.com\/wordpress\/plugins\/seo\/ -->\n<title>Leistungen - Zimmerei Wentzel<\/title>\n<meta name=\"robots\" content=\"index, follow, max-snippet:-1, max-image-preview:large, max-video-preview:-1\" \/>\n<link rel=\"canonical\" href=\"https:\/\/zimmerei-wentzel.de\/?page_id=153\" \/>\n<meta property=\"og:locale\" content=\"de_DE\" \/>\n<meta property=\"og:type\" content=\"article\" \/>\n<meta property=\"og:title\" content=\"Leistungen - Zimmerei Wentzel\" \/>\n<meta property=\"og:description\" content=\"Dachstuhl Neubau Dachstuhl Sanierung Holzfassaden Terrassen Innenausbau \u00d6kologische W\u00e4rmed\u00e4mmungen Carports Dachfl\u00e4chenfenster Dachgauben\" \/>\n<meta property=\"og:url\" content=\"https:\/\/zimmerei-wentzel.de\/?page_id=153\" \/>\n<meta property=\"og:site_name\" content=\"Zimmerei Wentzel\" \/>\n<meta property=\"article:publisher\" content=\"https:\/\/www.facebook.com\/zimmereiwentzel\" \/>\n<meta property=\"article:modified_time\" content=\"2018-02-10T17:39:07+00:00\" \/>\n<meta name=\"twitter:card\" content=\"summary_large_image\" \/>\n<script type=\"application\/ld+json\" class=\"yoast-schema-graph\">{\"@context\":\"https:\/\/schema.org\",\"@graph\":[{\"@type\":\"WebPage\",\"@id\":\"https:\/\/zimmerei-wentzel.de\/?page_id=153\",\"url\":\"https:\/\/zimmerei-wentzel.de\/?page_id=153\",\"name\":\"Leistungen - Zimmerei Wentzel\",\"isPartOf\":{\"@id\":\"https:\/\/zimmerei-wentzel.de\/#website\"},\"datePublished\":\"2018-01-26T14:25:35+00:00\",\"dateModified\":\"2018-02-10T17:39:07+00:00\",\"breadcrumb\":{\"@id\":\"https:\/\/zimmerei-wentzel.de\/?page_id=153#breadcrumb\"},\"inLanguage\":\"de\",\"potentialAction\":[{\"@type\":\"ReadAction\",\"target\":[\"https:\/\/zimmerei-wentzel.de\/?page_id=153\"]}]},{\"@type\":\"BreadcrumbList\",\"@id\":\"https:\/\/zimmerei-wentzel.de\/?page_id=153#breadcrumb\",\"itemListElement\":[{\"@type\":\"ListItem\",\"position\":1,\"name\":\"Startseite\",\"item\":\"https:\/\/zimmerei-wentzel.de\/\"},{\"@type\":\"ListItem\",\"position\":2,\"name\":\"Leistungen\"}]},{\"@type\":\"WebSite\",\"@id\":\"https:\/\/zimmerei-wentzel.de\/#website\",\"url\":\"https:\/\/zimmerei-wentzel.de\/\",\"name\":\"Zimmerei Wentzel\",\"description\":\"Eine weitere WordPress-Website\",\"publisher\":{\"@id\":\"https:\/\/zimmerei-wentzel.de\/#organization\"},\"potentialAction\":[{\"@type\":\"SearchAction\",\"target\":{\"@type\":\"EntryPoint\",\"urlTemplate\":\"https:\/\/zimmerei-wentzel.de\/?s={search_term_string}\"},\"query-input\":\"required name=search_term_string\"}],\"inLanguage\":\"de\"},{\"@type\":\"Organization\",\"@id\":\"https:\/\/zimmerei-wentzel.de\/#organization\",\"name\":\"Zimmerei Wentzel\",\"url\":\"https:\/\/zimmerei-wentzel.de\/\",\"logo\":{\"@type\":\"ImageObject\",\"inLanguage\":\"de\",\"@id\":\"https:\/\/zimmerei-wentzel.de\/#\/schema\/logo\/image\/\",\"url\":\"https:\/\/zimmerei-wentzel.de\/www\/wp-content\/uploads\/2024\/03\/logo-zimmerei-wentzel.gif\",\"contentUrl\":\"https:\/\/zimmerei-wentzel.de\/www\/wp-content\/uploads\/2024\/03\/logo-zimmerei-wentzel.gif\",\"width\":356,\"height\":238,\"caption\":\"Zimmerei Wentzel\"},\"image\":{\"@id\":\"https:\/\/zimmerei-wentzel.de\/#\/schema\/logo\/image\/\"},\"sameAs\":[\"https:\/\/www.facebook.com\/zimmereiwentzel\"]}]}<\/script>\n<!-- \/ Yoast SEO plugin. -->","yoast_head_json":{"title":"Leistungen - Zimmerei Wentzel","robots":{"index":"index","follow":"follow","max-snippet":"max-snippet:-1","max-image-preview":"max-image-preview:large","max-video-preview":"max-video-preview:-1"},"canonical":"https:\/\/zimmerei-wentzel.de\/?page_id=153","og_locale":"de_DE","og_type":"article","og_title":"Leistungen - Zimmerei Wentzel","og_description":"Dachstuhl Neubau Dachstuhl Sanierung Holzfassaden Terrassen Innenausbau \u00d6kologische W\u00e4rmed\u00e4mmungen Carports Dachfl\u00e4chenfenster Dachgauben","og_url":"https:\/\/zimmerei-wentzel.de\/?page_id=153","og_site_name":"Zimmerei Wentzel","article_publisher":"https:\/\/www.facebook.com\/zimmereiwentzel","article_modified_time":"2018-02-10T17:39:07+00:00","twitter_card":"summary_large_image","schema":{"@context":"https:\/\/schema.org","@graph":[{"@type":"WebPage","@id":"https:\/\/zimmerei-wentzel.de\/?page_id=153","url":"https:\/\/zimmerei-wentzel.de\/?page_id=153","name":"Leistungen - Zimmerei Wentzel","isPartOf":{"@id":"https:\/\/zimmerei-wentzel.de\/#website"},"datePublished":"2018-01-26T14:25:35+00:00","dateModified":"2018-02-10T17:39:07+00:00","breadcrumb":{"@id":"https:\/\/zimmerei-wentzel.de\/?page_id=153#breadcrumb"},"inLanguage":"de","potentialAction":[{"@type":"ReadAction","target":["https:\/\/zimmerei-wentzel.de\/?page_id=153"]}]},{"@type":"BreadcrumbList","@id":"https:\/\/zimmerei-wentzel.de\/?page_id=153#breadcrumb","itemListElement":[{"@type":"ListItem","position":1,"name":"Startseite","item":"https:\/\/zimmerei-wentzel.de\/"},{"@type":"ListItem","position":2,"name":"Leistungen"}]},{"@type":"WebSite","@id":"https:\/\/zimmerei-wentzel.de\/#website","url":"https:\/\/zimmerei-wentzel.de\/","name":"Zimmerei Wentzel","description":"Eine weitere WordPress-Website","publisher":{"@id":"https:\/\/zimmerei-wentzel.de\/#organization"},"potentialAction":[{"@type":"SearchAction","target":{"@type":"EntryPoint","urlTemplate":"https:\/\/zimmerei-wentzel.de\/?s={search_term_string}"},"query-input":"required name=search_term_string"}],"inLanguage":"de"},{"@type":"Organization","@id":"https:\/\/zimmerei-wentzel.de\/#organization","name":"Zimmerei Wentzel","url":"https:\/\/zimmerei-wentzel.de\/","logo":{"@type":"ImageObject","inLanguage":"de","@id":"https:\/\/zimmerei-wentzel.de\/#\/schema\/logo\/image\/","url":"https:\/\/zimmerei-wentzel.de\/www\/wp-content\/uploads\/2024\/03\/logo-zimmerei-wentzel.gif","contentUrl":"https:\/\/zimmerei-wentzel.de\/www\/wp-content\/uploads\/2024\/03\/logo-zimmerei-wentzel.gif","width":356,"height":238,"caption":"Zimmerei Wentzel"},"image":{"@id":"https:\/\/zimmerei-wentzel.de\/#\/schema\/logo\/image\/"},"sameAs":["https:\/\/www.facebook.com\/zimmereiwentzel"]}]}},"_links":{"self":[{"href":"https:\/\/zimmerei-wentzel.de\/index.php?rest_route=\/wp\/v2\/pages\/153"}],"collection":[{"href":"https:\/\/zimmerei-wentzel.de\/index.php?rest_route=\/wp\/v2\/pages"}],"about":[{"href":"https:\/\/zimmerei-wentzel.de\/index.php?rest_route=\/wp\/v2\/types\/page"}],"author":[{"embeddable":true,"href":"https:\/\/zimmerei-wentzel.de\/index.php?rest_route=\/wp\/v2\/users\/1"}],"replies":[{"embeddable":true,"href":"https:\/\/zimmerei-wentzel.de\/index.php?rest_route=%2Fwp%2Fv2%2Fcomments&post=153"}],"version-history":[{"count":5,"href":"https:\/\/zimmerei-wentzel.de\/index.php?rest_route=\/wp\/v2\/pages\/153\/revisions"}],"predecessor-version":[{"id":329,"href":"https:\/\/zimmerei-wentzel.de\/index.php?rest_route=\/wp\/v2\/pages\/153\/revisions\/329"}],"wp:attachment":[{"href":"https:\/\/zimmerei-wentzel.de\/index.php?rest_route=%2Fwp%2Fv2%2Fmedia&parent=153"}],"curies":[{"name":"wp","href":"https:\/\/api.w.org\/{rel}","templated":true}]}}